{"id":2771,"date":"2024-07-31T14:03:20","date_gmt":"2024-07-31T14:03:20","guid":{"rendered":"https:\/\/herbalr.com\/?page_id=2771"},"modified":"2024-08-02T07:07:28","modified_gmt":"2024-08-02T07:07:28","slug":"shipping-policy","status":"publish","type":"page","link":"https:\/\/herbalr.com\/fr\/politique-dexpedition\/","title":{"rendered":"Politique d&#039;exp\u00e9dition"},"content":{"rendered":"<h1 class=\"wp-block-heading\">POLITIQUE D&#039;EXP\u00c9DITION<\/h1>\n\n\n\n<p>A. Frais d&#039;exp\u00e9dition<br><br><strong>D\u00e9lai de traitement : Dans les 48 heures<\/strong><br><strong>Frais de livraison : Livraison gratuite !<\/strong><br><br>B. D\u00e9lai de transit, de manutention et de commande<br><br>Toutes les commandes sont trait\u00e9es dans un d\u00e9lai de 1 \u00e0 2 jours ouvrables<br>Tous les prix sont en USD<br>Veuillez noter qu&#039;il peut y avoir de l\u00e9g\u00e8res variations. Pendant les p\u00e9riodes de soldes et de vacances, la livraison peut prendre plus de temps que les d\u00e9lais estim\u00e9s ci-dessus.<br>Une fois exp\u00e9di\u00e9e, la commande ne peut pas \u00eatre annul\u00e9e<br><strong>Herbal <\/strong>\u00a0sera soumis \u00e0 des droits de douane dans tous les pays pendant le processus d&#039;envoi, de sorte que les consommateurs ne seront pas responsables des co\u00fbts exc\u00e9dentaires<br>Si vous ne recevez pas le colis dans les 40 jours, nous vous invitons \u00e0 nous contacter \u00e0 temps. Nous vous aiderons \u00e0 suivre le colis ou \u00e0 d\u00e9cider si vous souhaitez renvoyer le produit.<br><br>C. D\u00e9lai de livraison :<br><br>\u00c9tats-Unis\/Canada\u00a0: 10 \u00e0 20 jours ouvrables<br>Europe : 10-20 jours ouvrables<br>Moyen-Orient : 10 \u00e0 25 jours ouvrables<br>Autres : 10-25 jours ouvrables<br><br>RETOURS ET \u00c9CHANGES<br>30 jours faciles<br>Voir conditions et proc\u00e9dure dans notre politique de retour et remboursement<br><br><br><br><strong>Nous prenons des pr\u00e9cautions suppl\u00e9mentaires lors de la v\u00e9rification de chaque commande que nous recevons. Nous nous effor\u00e7ons d&#039;accomplir ce processus dans les d\u00e9lais impartis pour que votre commande soit exp\u00e9di\u00e9e ou envoy\u00e9e au fabricant qui exp\u00e9die directement votre commande. Dans certaines situations, notre processus de v\u00e9rification des commandes peut retarder l&#039;exp\u00e9dition de votre commande. Veuillez vous assurer d&#039;inclure des informations exactes lorsque vous passez votre commande afin que, si n\u00e9cessaire, nous puissions vous contacter aux informations indiqu\u00e9es pour tenter de faire exp\u00e9dier votre commande le jour m\u00eame (si elle est en stock dans notre entrep\u00f4t).<\/strong><br><br><strong>Veuillez v\u00e9rifier l&#039;\u00e9tat des stocks avant de passer une commande car nous ne pouvons pas estimer avec pr\u00e9cision les d\u00e9lais de livraison des articles en rupture de stock.<\/strong><br><br><strong>Herbalr n&#039;est pas responsable des colis perdus et vol\u00e9s. Si vous pensez que votre colis a \u00e9t\u00e9 mal livr\u00e9, vous pouvez contacter notre \u00e9quipe du service client et nous pourrons nous coordonner avec le service de traitement des colis pour lancer une enqu\u00eate sur le colis perdu. Si le service de traitement des colis n&#039;est pas en mesure de localiser le colis ou de fournir des documents prouvant que le colis a \u00e9t\u00e9 livr\u00e9 \u00e0 la bonne adresse, la r\u00e9solution du probl\u00e8me est \u00e0 la seule discr\u00e9tion d&#039;Herbalr, nous ne pouvons pas garantir un remplacement ou un remboursement en fonction du r\u00e9sultat de l&#039;enqu\u00eate sur le colis perdu.<\/strong><\/p>","protected":false},"excerpt":{"rendered":"<p>SHIPPING POLICY A. Shipping Costs Processing time: Within 48 hoursShipping fee: Free Shipping\uff01 B. Transit, Handling &amp; Oders Cut Off Time All orders are processed within 1-2 business daysAll prices are in USDPlease note there could be slight During sale and holiday periods, delivery may take longer than the estimated time frames above.Once shipped, order [&hellip;]<\/p>\n","protected":false},"author":1,"featured_media":0,"parent":0,"menu_order":0,"comment_status":"closed","ping_status":"closed","template":"","meta":{"_uag_custom_page_level_css":"","site-sidebar-layout":"default","site-content-layout":"","ast-site-content-layout":"default","site-content-style":"default","site-sidebar-style":"default","ast-global-header-display":"","ast-banner-title-visibility":"","ast-main-header-display":"","ast-hfb-above-header-display":"","ast-hfb-below-header-display":"","ast-hfb-mobile-header-display":"","site-post-title":"","ast-breadcrumbs-content":"","ast-featured-img":"","footer-sml-layout":"","ast-disable-related-posts":"","theme-transparent-header-meta":"","adv-header-id-meta":"","stick-header-meta":"","header-above-stick-meta":"","header-main-stick-meta":"","header-below-stick-meta":"","astra-migrate-meta-layouts":"set","ast-page-background-enabled":"default","ast-page-background-meta":{"desktop":{"background-color":"","background-image":"","background-repeat":"repeat","background-position":"center center","background-size":"auto","background-attachment":"scroll","background-type":"","background-media":"","overlay-type":"","overlay-color":"","overlay-opacity":"","overlay-gradient":""},"tablet":{"background-color":"","background-image":"","background-repeat":"repeat","background-position":"center center","background-size":"auto","background-attachment":"scroll","background-type":"","background-media":"","overlay-type":"","overlay-color":"","overlay-opacity":"","overlay-gradient":""},"mobile":{"background-color":"","background-image":"","background-repeat":"repeat","background-position":"center center","background-size":"auto","background-attachment":"scroll","background-type":"","background-media":"","overlay-type":"","overlay-color":"","overlay-opacity":"","overlay-gradient":""}},"ast-content-background-meta":{"desktop":{"background-color":"var(--ast-global-color-5)","background-image":"","background-repeat":"repeat","background-position":"center center","background-size":"auto","background-attachment":"scroll","background-type":"","background-media":"","overlay-type":"","overlay-color":"","overlay-opacity":"","overlay-gradient":""},"tablet":{"background-color":"var(--ast-global-color-5)","background-image":"","background-repeat":"repeat","background-position":"center center","background-size":"auto","background-attachment":"scroll","background-type":"","background-media":"","overlay-type":"","overlay-color":"","overlay-opacity":"","overlay-gradient":""},"mobile":{"background-color":"var(--ast-global-color-5)","background-image":"","background-repeat":"repeat","background-position":"center center","background-size":"auto","background-attachment":"scroll","background-type":"","background-media":"","overlay-type":"","overlay-color":"","overlay-opacity":"","overlay-gradient":""}},"footnotes":""},"class_list":["post-2771","page","type-page","status-publish","hentry"],"yoast_head":"<!-- This site is optimized with the Yoast SEO plugin v27.1.1 - https:\/\/yoast.com\/product\/yoast-seo-wordpress\/ -->\n<title>Shipping Policy - Acupuncture Suppliers &amp; Needles for Sale-herbalr<\/title>\n<meta name=\"description\" content=\"Learn about our shipping policy for dry needle acupuncture, and acu needles. Reliable delivery for all acupuncture needles and supplies.\" \/>\n<meta name=\"robots\" content=\"index, follow, max-snippet:-1, max-image-preview:large, max-video-preview:-1\" \/>\n<link rel=\"canonical\" href=\"https:\/\/herbalr.com\/fr\/politique-dexpedition\/\" \/>\n<meta property=\"og:locale\" content=\"fr_FR\" \/>\n<meta property=\"og:type\" content=\"article\" \/>\n<meta property=\"og:title\" content=\"Shipping Policy - Acupuncture Suppliers &amp; Needles for Sale-herbalr\" \/>\n<meta property=\"og:description\" content=\"Learn about our shipping policy for dry needle acupuncture, and acu needles. Reliable delivery for all acupuncture needles and supplies.\" \/>\n<meta property=\"og:url\" content=\"https:\/\/herbalr.com\/fr\/politique-dexpedition\/\" \/>\n<meta property=\"article:modified_time\" content=\"2024-08-02T07:07:28+00:00\" \/>\n<meta name=\"twitter:card\" content=\"summary_large_image\" \/>\n<meta name=\"twitter:label1\" content=\"Dur\u00e9e de lecture estim\u00e9e\" \/>\n\t<meta name=\"twitter:data1\" content=\"2 minutes\" \/>\n<script type=\"application\/ld+json\" class=\"yoast-schema-graph\">{\"@context\":\"https:\/\/schema.org\",\"@graph\":[{\"@type\":\"WebPage\",\"@id\":\"https:\/\/herbalr.com\/shipping-policy\/\",\"url\":\"https:\/\/herbalr.com\/shipping-policy\/\",\"name\":\"Shipping Policy - Acupuncture Suppliers & Needles for Sale-herbalr\",\"isPartOf\":{\"@id\":\"https:\/\/herbalr.com\/#website\"},\"datePublished\":\"2024-07-31T14:03:20+00:00\",\"dateModified\":\"2024-08-02T07:07:28+00:00\",\"description\":\"Learn about our shipping policy for dry needle acupuncture, and acu needles. Reliable delivery for all acupuncture needles and supplies.\",\"breadcrumb\":{\"@id\":\"https:\/\/herbalr.com\/shipping-policy\/#breadcrumb\"},\"inLanguage\":\"fr-FR\",\"potentialAction\":[{\"@type\":\"ReadAction\",\"target\":[\"https:\/\/herbalr.com\/shipping-policy\/\"]}]},{\"@type\":\"BreadcrumbList\",\"@id\":\"https:\/\/herbalr.com\/shipping-policy\/#breadcrumb\",\"itemListElement\":[{\"@type\":\"ListItem\",\"position\":1,\"name\":\"\u9996\u9875\",\"item\":\"https:\/\/herbalr.com\/\"},{\"@type\":\"ListItem\",\"position\":2,\"name\":\"Shipping Policy\"}]},{\"@type\":\"WebSite\",\"@id\":\"https:\/\/herbalr.com\/#website\",\"url\":\"https:\/\/herbalr.com\/\",\"name\":\"\",\"description\":\"\",\"potentialAction\":[{\"@type\":\"SearchAction\",\"target\":{\"@type\":\"EntryPoint\",\"urlTemplate\":\"https:\/\/herbalr.com\/?s={search_term_string}\"},\"query-input\":{\"@type\":\"PropertyValueSpecification\",\"valueRequired\":true,\"valueName\":\"search_term_string\"}}],\"inLanguage\":\"fr-FR\"}]}<\/script>\n<!-- \/ Yoast SEO plugin. -->","yoast_head_json":{"title":"Politique d&#039;exp\u00e9dition - Fournisseurs et aiguilles d&#039;acupuncture \u00e0 vendre-herbalr","description":"D\u00e9couvrez notre politique d&#039;exp\u00e9dition pour l&#039;acupuncture \u00e0 aiguilles s\u00e8ches et les aiguilles d&#039;acupuncture. Livraison fiable pour toutes les aiguilles et fournitures d&#039;acupuncture.","robots":{"index":"index","follow":"follow","max-snippet":"max-snippet:-1","max-image-preview":"max-image-preview:large","max-video-preview":"max-video-preview:-1"},"canonical":"https:\/\/herbalr.com\/fr\/politique-dexpedition\/","og_locale":"fr_FR","og_type":"article","og_title":"Shipping Policy - Acupuncture Suppliers & Needles for Sale-herbalr","og_description":"Learn about our shipping policy for dry needle acupuncture, and acu needles. Reliable delivery for all acupuncture needles and supplies.","og_url":"https:\/\/herbalr.com\/fr\/politique-dexpedition\/","article_modified_time":"2024-08-02T07:07:28+00:00","twitter_card":"summary_large_image","twitter_misc":{"Dur\u00e9e de lecture estim\u00e9e":"2 minutes"},"schema":{"@context":"https:\/\/schema.org","@graph":[{"@type":"WebPage","@id":"https:\/\/herbalr.com\/shipping-policy\/","url":"https:\/\/herbalr.com\/shipping-policy\/","name":"Politique d&#039;exp\u00e9dition - Fournisseurs et aiguilles d&#039;acupuncture \u00e0 vendre-herbalr","isPartOf":{"@id":"https:\/\/herbalr.com\/#website"},"datePublished":"2024-07-31T14:03:20+00:00","dateModified":"2024-08-02T07:07:28+00:00","description":"D\u00e9couvrez notre politique d&#039;exp\u00e9dition pour l&#039;acupuncture \u00e0 aiguilles s\u00e8ches et les aiguilles d&#039;acupuncture. Livraison fiable pour toutes les aiguilles et fournitures d&#039;acupuncture.","breadcrumb":{"@id":"https:\/\/herbalr.com\/shipping-policy\/#breadcrumb"},"inLanguage":"fr-FR","potentialAction":[{"@type":"ReadAction","target":["https:\/\/herbalr.com\/shipping-policy\/"]}]},{"@type":"BreadcrumbList","@id":"https:\/\/herbalr.com\/shipping-policy\/#breadcrumb","itemListElement":[{"@type":"ListItem","position":1,"name":"\u9996\u9875","item":"https:\/\/herbalr.com\/"},{"@type":"ListItem","position":2,"name":"Shipping Policy"}]},{"@type":"WebSite","@id":"https:\/\/herbalr.com\/#website","url":"https:\/\/herbalr.com\/","name":"","description":"","potentialAction":[{"@type":"SearchAction","target":{"@type":"EntryPoint","urlTemplate":"https:\/\/herbalr.com\/?s={search_term_string}"},"query-input":{"@type":"PropertyValueSpecification","valueRequired":true,"valueName":"search_term_string"}}],"inLanguage":"fr-FR"}]}},"uagb_featured_image_src":{"full":false,"thumbnail":false,"medium":false,"medium_large":false,"large":false,"1536x1536":false,"2048x2048":false,"trp-custom-language-flag":false,"woocommerce_thumbnail":false,"woocommerce_single":false,"woocommerce_gallery_thumbnail":false},"uagb_author_info":{"display_name":"tianke1223@gmail.com","author_link":"https:\/\/herbalr.com\/fr\/author\/tianke1223gmail-com\/"},"uagb_comment_info":0,"uagb_excerpt":"SHIPPING POLICY A. Shipping Costs Processing time: Within 48 hoursShipping fee: Free Shipping\uff01 B. Transit, Handling &amp; Oders Cut Off Time All orders are processed within 1-2 business daysAll prices are in USDPlease note there could be slight During sale and holiday periods, delivery may take longer than the estimated time frames above.Once shipped, order\u2026","jetpack_sharing_enabled":true,"_links":{"self":[{"href":"https:\/\/herbalr.com\/fr\/wp-json\/wp\/v2\/pages\/2771","targetHints":{"allow":["GET"]}}],"collection":[{"href":"https:\/\/herbalr.com\/fr\/wp-json\/wp\/v2\/pages"}],"about":[{"href":"https:\/\/herbalr.com\/fr\/wp-json\/wp\/v2\/types\/page"}],"author":[{"embeddable":true,"href":"https:\/\/herbalr.com\/fr\/wp-json\/wp\/v2\/users\/1"}],"replies":[{"embeddable":true,"href":"https:\/\/herbalr.com\/fr\/wp-json\/wp\/v2\/comments?post=2771"}],"version-history":[{"count":2,"href":"https:\/\/herbalr.com\/fr\/wp-json\/wp\/v2\/pages\/2771\/revisions"}],"predecessor-version":[{"id":2774,"href":"https:\/\/herbalr.com\/fr\/wp-json\/wp\/v2\/pages\/2771\/revisions\/2774"}],"wp:attachment":[{"href":"https:\/\/herbalr.com\/fr\/wp-json\/wp\/v2\/media?parent=2771"}],"curies":[{"name":"wp","href":"https:\/\/api.w.org\/{rel}","templated":true}]}}