{"id":10,"date":"2024-07-31T14:02:01","date_gmt":"2024-07-31T14:02:01","guid":{"rendered":"https:\/\/herbalr.com\/?page_id=10"},"modified":"2024-08-02T07:06:59","modified_gmt":"2024-08-02T07:06:59","slug":"refund_returns","status":"publish","type":"page","link":"https:\/\/herbalr.com\/hu\/refund_returns\/","title":{"rendered":"Visszat\u00e9r\u00edt\u00e9si \u00e9s visszak\u00fcld\u00e9si szab\u00e1lyzat"},"content":{"rendered":"<h3 class=\"wp-block-heading\">Visszak\u00fcld\u00e9si \u00e9s visszat\u00e9r\u00edt\u00e9si szab\u00e1lyzat<\/h3>\n\n\n\n<p>\u00d6n jogosult 30 napon bel\u00fcl indokl\u00e1s n\u00e9lk\u00fcl t\u00f6r\u00f6lni megrendel\u00e9s\u00e9t.<\/p>\n\n\n\n<p>A megrendel\u00e9s t\u00f6rl\u00e9s\u00e9nek hat\u00e1rideje att\u00f3l a napt\u00f3l sz\u00e1m\u00edtva 30 nap, amelyen az \u00e1ru \u00e1tv\u00e9tele megt\u00f6rt\u00e9nt, vagy att\u00f3l a napt\u00f3l sz\u00e1m\u00edtva, amikor az \u00d6n \u00e1ltal megb\u00edzott harmadik f\u00e9l, aki nem a fuvaroz\u00f3, \u00e1tveszi a kisz\u00e1ll\u00edtott term\u00e9ket.<\/p>\n\n\n\n<p>El\u00e1ll\u00e1si jog\u00e1nak gyakorl\u00e1sa \u00e9rdek\u00e9ben d\u00f6nt\u00e9s\u00e9r\u0151l egy\u00e9rtelm\u0171 nyilatkozattal t\u00e1j\u00e9koztatnia kell benn\u00fcnket.<\/p>\n\n\n\n<p>D\u00f6nt\u00e9s\u00e9r\u0151l e-mailben \u00e9rtes\u00edthet benn\u00fcnket&nbsp;<a target=\"_blank\" href=\"mailto:tianke1223@gmail.com\" rel=\"noreferrer noopener\">tianke1223@gmail.com<\/a><\/p>\n\n\n\n<p>Legk\u00e9s\u0151bb a visszak\u00fcld\u00f6tt \u00e1ru k\u00e9zhezv\u00e9tel\u00e9t\u0151l sz\u00e1m\u00edtott 30 napon bel\u00fcl visszat\u00e9r\u00edtj\u00fck \u00d6nnek. Ugyanazt a fizet\u00e9si m\u00f3dot fogjuk haszn\u00e1lni, mint amit a megrendel\u00e9sn\u00e9l haszn\u00e1lt\u00e1l, \u00e9s az ilyen visszat\u00e9r\u00edt\u00e9s\u00e9rt semmilyen d\u00edjat nem sz\u00e1m\u00edtunk fel.<\/p>\n\n\n\n<h6 class=\"wp-block-heading\">A visszak\u00fcld\u00e9s felt\u00e9telei:<\/h6>\n\n\n\n<p>Annak \u00e9rdek\u00e9ben, hogy az \u00e1ru visszak\u00fcldhet\u0151 legyen, k\u00e9rj\u00fck, ellen\u0151rizze, hogy:<\/p>\n\n\n\n<ul class=\"wp-block-list\">\n<li>Az \u00e1rut az elm\u00falt 30 napban v\u00e1s\u00e1rolt\u00e1k<\/li>\n\n\n\n<li>Az \u00e1ru az eredeti csomagol\u00e1sban van<\/li>\n<\/ul>\n\n\n\n<p>Az al\u00e1bbi \u00e1ruk nem k\u00fcldhet\u0151k vissza:<\/p>\n\n\n\n<ul class=\"wp-block-list\">\n<li>Az \u00d6n \u00e1ltal megadott vagy egy\u00e9rtelm\u0171en szem\u00e9lyre szabott \u00e1ruk sz\u00e1ll\u00edt\u00e1sa.<\/li>\n\n\n\n<li>Olyan \u00e1ruk \u00e9rt\u00e9kes\u00edt\u00e9se, amelyek jelleg\u00fckn\u00e9l fogva nem alkalmasak visszak\u00fcld\u00e9sre, p\u00e9ld\u00e1ul olyan \u00e1ruk, amelyek gyorsan romlanak, vagy amelyekn\u00e9l a lej\u00e1rati id\u0151 lej\u00e1rt.<\/li>\n\n\n\n<li>Olyan \u00e1ru sz\u00e1ll\u00edt\u00e1sa, amely eg\u00e9szs\u00e9gv\u00e9delmi vagy higi\u00e9niai okokb\u00f3l nem alkalmas visszak\u00fcld\u00e9sre, \u00e9s az \u00e1tad\u00e1st k\u00f6vet\u0151en lepecs\u00e9tel\u0151d\u00f6tt.<\/li>\n\n\n\n<li>Olyan \u00e1ruk \u00e9rt\u00e9kes\u00edt\u00e9se, amelyek a sz\u00e1ll\u00edt\u00e1st k\u00f6vet\u0151en term\u00e9szet\u00fckn\u00e9l fogva elv\u00e1laszthatatlanul keverednek m\u00e1s cikkekkel.<\/li>\n<\/ul>\n\n\n\n<p>Fenntartjuk a jogot, hogy saj\u00e1t bel\u00e1t\u00e1sunk szerint megtagadjuk minden olyan \u00e1ru visszak\u00fcld\u00e9s\u00e9t, amely nem felel meg a fenti visszak\u00fcld\u00e9si felt\u00e9teleknek.<\/p>\n\n\n\n<h6 class=\"wp-block-heading\">\u00c1ruk visszak\u00fcld\u00e9se<\/h6>\n\n\n\n<p>\u00d6n felel\u0151s az \u00e1ruk hozz\u00e1nk val\u00f3 visszak\u00fcld\u00e9s\u00e9nek k\u00f6lts\u00e9gei\u00e9rt \u00e9s kock\u00e1zatai\u00e9rt. Az \u00e1rut a k\u00f6vetkez\u0151 c\u00edmre kell k\u00fcldeni:<\/p>\n\n\n\n<p>Global Center S1, 1137, CHENGDU, K\u00cdNA, 610000<\/p>\n\n\n\n<p>A visszak\u00fcld\u00e9s sor\u00e1n megs\u00e9r\u00fclt vagy elveszett \u00e1ruk\u00e9rt felel\u0151ss\u00e9get nem v\u00e1llalunk. Ez\u00e9rt egy biztos\u00edtott \u00e9s nyomon k\u00f6vethet\u0151 postai szolg\u00e1ltat\u00e1st aj\u00e1nlunk. Nem \u00e1ll m\u00f3dunkban visszat\u00e9r\u00edt\u00e9st kiadni az \u00e1ru t\u00e9nyleges \u00e1tv\u00e9tele vagy az \u00e1tvett visszasz\u00e1ll\u00edt\u00e1s igazol\u00e1sa n\u00e9lk\u00fcl.<\/p>\n\n\n\n<h6 class=\"wp-block-heading\">Aj\u00e1nd\u00e9kok:<\/h6>\n\n\n\n<p>Ha az \u00e1rut v\u00e1s\u00e1rl\u00e1skor aj\u00e1nd\u00e9kk\u00e9nt jel\u00f6lt\u00e9k meg, majd k\u00f6zvetlen\u00fcl \u00d6nnek sz\u00e1ll\u00edtott\u00e1k ki, akkor a visszak\u00fcld\u00e9s \u00e9rt\u00e9k\u00e9nek megfelel\u0151 aj\u00e1nd\u00e9k j\u00f3v\u00e1\u00edr\u00e1st kap. A visszak\u00fcld\u00f6tt term\u00e9k k\u00e9zhezv\u00e9tele ut\u00e1n aj\u00e1nd\u00e9kutalv\u00e1nyt k\u00fcld\u00fcnk \u00d6nnek.<\/p>\n\n\n\n<p>Ha az \u00e1rut v\u00e1s\u00e1rl\u00e1skor nem jel\u00f6lt\u00e9k meg aj\u00e1nd\u00e9kk\u00e9nt, vagy az aj\u00e1nd\u00e9koz\u00f3 saj\u00e1t mag\u00e1nak k\u00fcldte ki a rendel\u00e9st, hogy k\u00e9s\u0151bb \u00e1tadhassa \u00d6nnek, a visszat\u00e9r\u00edt\u00e9st az aj\u00e1nd\u00e9koz\u00f3nak k\u00fcldj\u00fck.<\/p>\n\n\n\n<h6 class=\"wp-block-heading\">L\u00e9pjen kapcsolatba vel\u00fcnk<\/h6>\n\n\n\n<p>Ha b\u00e1rmilyen k\u00e9rd\u00e9se van a visszak\u00fcld\u00e9si \u00e9s visszat\u00e9r\u00edt\u00e9si szab\u00e1lyzatunkkal kapcsolatban, forduljon hozz\u00e1nk e-mailben&nbsp;<a target=\"_blank\" href=\"mailto:tianke1223@gmail.com\" rel=\"noreferrer noopener\">tianke1223@gmail.com<\/a><\/p>","protected":false},"excerpt":{"rendered":"<p>Returns &amp; Refunds policy You are entitled to cancel your order within 30 days without giving any reason for doing so. The deadline for canceling an order is 30 days from the date you received the goods or on which a third party you have appointed, who is not the carrier, takes possession of the [&hellip;]<\/p>\n","protected":false},"author":1,"featured_media":0,"parent":0,"menu_order":0,"comment_status":"closed","ping_status":"closed","template":"","meta":{"_uag_custom_page_level_css":"","site-sidebar-layout":"default","site-content-layout":"","ast-site-content-layout":"default","site-content-style":"default","site-sidebar-style":"default","ast-global-header-display":"","ast-banner-title-visibility":"","ast-main-header-display":"","ast-hfb-above-header-display":"","ast-hfb-below-header-display":"","ast-hfb-mobile-header-display":"","site-post-title":"","ast-breadcrumbs-content":"","ast-featured-img":"","footer-sml-layout":"","ast-disable-related-posts":"","theme-transparent-header-meta":"","adv-header-id-meta":"","stick-header-meta":"","header-above-stick-meta":"","header-main-stick-meta":"","header-below-stick-meta":"","astra-migrate-meta-layouts":"set","ast-page-background-enabled":"default","ast-page-background-meta":{"desktop":{"background-color":"","background-image":"","background-repeat":"repeat","background-position":"center center","background-size":"auto","background-attachment":"scroll","background-type":"","background-media":"","overlay-type":"","overlay-color":"","overlay-opacity":"","overlay-gradient":""},"tablet":{"background-color":"","background-image":"","background-repeat":"repeat","background-position":"center center","background-size":"auto","background-attachment":"scroll","background-type":"","background-media":"","overlay-type":"","overlay-color":"","overlay-opacity":"","overlay-gradient":""},"mobile":{"background-color":"","background-image":"","background-repeat":"repeat","background-position":"center center","background-size":"auto","background-attachment":"scroll","background-type":"","background-media":"","overlay-type":"","overlay-color":"","overlay-opacity":"","overlay-gradient":""}},"ast-content-background-meta":{"desktop":{"background-color":"var(--ast-global-color-5)","background-image":"","background-repeat":"repeat","background-position":"center center","background-size":"auto","background-attachment":"scroll","background-type":"","background-media":"","overlay-type":"","overlay-color":"","overlay-opacity":"","overlay-gradient":""},"tablet":{"background-color":"var(--ast-global-color-5)","background-image":"","background-repeat":"repeat","background-position":"center center","background-size":"auto","background-attachment":"scroll","background-type":"","background-media":"","overlay-type":"","overlay-color":"","overlay-opacity":"","overlay-gradient":""},"mobile":{"background-color":"var(--ast-global-color-5)","background-image":"","background-repeat":"repeat","background-position":"center center","background-size":"auto","background-attachment":"scroll","background-type":"","background-media":"","overlay-type":"","overlay-color":"","overlay-opacity":"","overlay-gradient":""}},"footnotes":""},"class_list":["post-10","page","type-page","status-publish","hentry"],"yoast_head":"<!-- This site is optimized with the Yoast SEO plugin v27.1.1 - https:\/\/yoast.com\/product\/yoast-seo-wordpress\/ -->\n<title>Returns Policy - Acupuncture Suppliers &amp; Needles for Sale - herbalr<\/title>\n<meta name=\"description\" content=\"Understand our Returns Policy for acupuncture needles,dry needle acupuncture, acu needles.Hassle-free returns for all your acupuncture needs\" \/>\n<meta name=\"robots\" content=\"index, follow, max-snippet:-1, max-image-preview:large, max-video-preview:-1\" \/>\n<link rel=\"canonical\" href=\"https:\/\/herbalr.com\/hu\/refund_returns\/\" \/>\n<meta property=\"og:locale\" content=\"hu_HU\" \/>\n<meta property=\"og:type\" content=\"article\" \/>\n<meta property=\"og:title\" content=\"Returns Policy - Acupuncture Suppliers &amp; Needles for Sale - herbalr\" \/>\n<meta property=\"og:description\" content=\"Understand our Returns Policy for acupuncture needles,dry needle acupuncture, acu needles.Hassle-free returns for all your acupuncture needs\" \/>\n<meta property=\"og:url\" content=\"https:\/\/herbalr.com\/hu\/refund_returns\/\" \/>\n<meta property=\"article:modified_time\" content=\"2024-08-02T07:06:59+00:00\" \/>\n<meta name=\"twitter:card\" content=\"summary_large_image\" \/>\n<meta name=\"twitter:label1\" content=\"Becs\u00fclt olvas\u00e1si id\u0151\" \/>\n\t<meta name=\"twitter:data1\" content=\"3 perc\" \/>\n<script type=\"application\/ld+json\" class=\"yoast-schema-graph\">{\"@context\":\"https:\/\/schema.org\",\"@graph\":[{\"@type\":\"WebPage\",\"@id\":\"https:\/\/herbalr.com\/refund_returns\/\",\"url\":\"https:\/\/herbalr.com\/refund_returns\/\",\"name\":\"Returns Policy - Acupuncture Suppliers & Needles for Sale - herbalr\",\"isPartOf\":{\"@id\":\"https:\/\/herbalr.com\/#website\"},\"datePublished\":\"2024-07-31T14:02:01+00:00\",\"dateModified\":\"2024-08-02T07:06:59+00:00\",\"description\":\"Understand our Returns Policy for acupuncture needles,dry needle acupuncture, acu needles.Hassle-free returns for all your acupuncture needs\",\"breadcrumb\":{\"@id\":\"https:\/\/herbalr.com\/refund_returns\/#breadcrumb\"},\"inLanguage\":\"hu\",\"potentialAction\":[{\"@type\":\"ReadAction\",\"target\":[\"https:\/\/herbalr.com\/refund_returns\/\"]}]},{\"@type\":\"BreadcrumbList\",\"@id\":\"https:\/\/herbalr.com\/refund_returns\/#breadcrumb\",\"itemListElement\":[{\"@type\":\"ListItem\",\"position\":1,\"name\":\"\u9996\u9875\",\"item\":\"https:\/\/herbalr.com\/\"},{\"@type\":\"ListItem\",\"position\":2,\"name\":\"Refund and Returns Policy\"}]},{\"@type\":\"WebSite\",\"@id\":\"https:\/\/herbalr.com\/#website\",\"url\":\"https:\/\/herbalr.com\/\",\"name\":\"\",\"description\":\"\",\"potentialAction\":[{\"@type\":\"SearchAction\",\"target\":{\"@type\":\"EntryPoint\",\"urlTemplate\":\"https:\/\/herbalr.com\/?s={search_term_string}\"},\"query-input\":{\"@type\":\"PropertyValueSpecification\",\"valueRequired\":true,\"valueName\":\"search_term_string\"}}],\"inLanguage\":\"hu\"}]}<\/script>\n<!-- \/ Yoast SEO plugin. -->","yoast_head_json":{"title":"Visszak\u00fcld\u00e9si politika \u2013 Elad\u00f3 akupunkt\u00far\u00e1s besz\u00e1ll\u00edt\u00f3k \u00e9s t\u0171k \u2013 herbalr","description":"Ismerje meg az akupunkt\u00far\u00e1s t\u0171kre, sz\u00e1raz t\u0171s akupunkt\u00far\u00e1ra, akupunkt\u00far\u00e1ra vonatkoz\u00f3 visszak\u00fcld\u00e9si szab\u00e1lyzatunkat. Probl\u00e9mamentes visszak\u00fcld\u00e9s minden akupunkt\u00far\u00e1s ig\u00e9ny\u00e9re","robots":{"index":"index","follow":"follow","max-snippet":"max-snippet:-1","max-image-preview":"max-image-preview:large","max-video-preview":"max-video-preview:-1"},"canonical":"https:\/\/herbalr.com\/hu\/refund_returns\/","og_locale":"hu_HU","og_type":"article","og_title":"Returns Policy - Acupuncture Suppliers & Needles for Sale - herbalr","og_description":"Understand our Returns Policy for acupuncture needles,dry needle acupuncture, acu needles.Hassle-free returns for all your acupuncture needs","og_url":"https:\/\/herbalr.com\/hu\/refund_returns\/","article_modified_time":"2024-08-02T07:06:59+00:00","twitter_card":"summary_large_image","twitter_misc":{"Becs\u00fclt olvas\u00e1si id\u0151":"3 perc"},"schema":{"@context":"https:\/\/schema.org","@graph":[{"@type":"WebPage","@id":"https:\/\/herbalr.com\/refund_returns\/","url":"https:\/\/herbalr.com\/refund_returns\/","name":"Visszak\u00fcld\u00e9si politika \u2013 Elad\u00f3 akupunkt\u00far\u00e1s besz\u00e1ll\u00edt\u00f3k \u00e9s t\u0171k \u2013 herbalr","isPartOf":{"@id":"https:\/\/herbalr.com\/#website"},"datePublished":"2024-07-31T14:02:01+00:00","dateModified":"2024-08-02T07:06:59+00:00","description":"Ismerje meg az akupunkt\u00far\u00e1s t\u0171kre, sz\u00e1raz t\u0171s akupunkt\u00far\u00e1ra, akupunkt\u00far\u00e1ra vonatkoz\u00f3 visszak\u00fcld\u00e9si szab\u00e1lyzatunkat. Probl\u00e9mamentes visszak\u00fcld\u00e9s minden akupunkt\u00far\u00e1s ig\u00e9ny\u00e9re","breadcrumb":{"@id":"https:\/\/herbalr.com\/refund_returns\/#breadcrumb"},"inLanguage":"hu","potentialAction":[{"@type":"ReadAction","target":["https:\/\/herbalr.com\/refund_returns\/"]}]},{"@type":"BreadcrumbList","@id":"https:\/\/herbalr.com\/refund_returns\/#breadcrumb","itemListElement":[{"@type":"ListItem","position":1,"name":"\u9996\u9875","item":"https:\/\/herbalr.com\/"},{"@type":"ListItem","position":2,"name":"Refund and Returns Policy"}]},{"@type":"WebSite","@id":"https:\/\/herbalr.com\/#website","url":"https:\/\/herbalr.com\/","name":"","description":"","potentialAction":[{"@type":"SearchAction","target":{"@type":"EntryPoint","urlTemplate":"https:\/\/herbalr.com\/?s={search_term_string}"},"query-input":{"@type":"PropertyValueSpecification","valueRequired":true,"valueName":"search_term_string"}}],"inLanguage":"hu"}]}},"uagb_featured_image_src":{"full":false,"thumbnail":false,"medium":false,"medium_large":false,"large":false,"1536x1536":false,"2048x2048":false,"trp-custom-language-flag":false,"woocommerce_thumbnail":false,"woocommerce_single":false,"woocommerce_gallery_thumbnail":false},"uagb_author_info":{"display_name":"tianke1223@gmail.com","author_link":"https:\/\/herbalr.com\/hu\/author\/tianke1223gmail-com\/"},"uagb_comment_info":0,"uagb_excerpt":"Returns &amp; Refunds policy You are entitled to cancel your order within 30 days without giving any reason for doing so. The deadline for canceling an order is 30 days from the date you received the goods or on which a third party you have appointed, who is not the carrier, takes possession of the&hellip;","jetpack_sharing_enabled":true,"_links":{"self":[{"href":"https:\/\/herbalr.com\/hu\/wp-json\/wp\/v2\/pages\/10","targetHints":{"allow":["GET"]}}],"collection":[{"href":"https:\/\/herbalr.com\/hu\/wp-json\/wp\/v2\/pages"}],"about":[{"href":"https:\/\/herbalr.com\/hu\/wp-json\/wp\/v2\/types\/page"}],"author":[{"embeddable":true,"href":"https:\/\/herbalr.com\/hu\/wp-json\/wp\/v2\/users\/1"}],"replies":[{"embeddable":true,"href":"https:\/\/herbalr.com\/hu\/wp-json\/wp\/v2\/comments?post=10"}],"version-history":[{"count":1,"href":"https:\/\/herbalr.com\/hu\/wp-json\/wp\/v2\/pages\/10\/revisions"}],"predecessor-version":[{"id":2770,"href":"https:\/\/herbalr.com\/hu\/wp-json\/wp\/v2\/pages\/10\/revisions\/2770"}],"wp:attachment":[{"href":"https:\/\/herbalr.com\/hu\/wp-json\/wp\/v2\/media?parent=10"}],"curies":[{"name":"wp","href":"https:\/\/api.w.org\/{rel}","templated":true}]}}