{"id":2691,"date":"2024-08-02T08:19:55","date_gmt":"2024-08-02T08:19:55","guid":{"rendered":"https:\/\/herbalr.com\/?post_type=product&#038;p=2691"},"modified":"2025-04-12T10:07:43","modified_gmt":"2025-04-12T10:07:43","slug":"0-1813mm-half-inch-acupuncture-needles-100-sticks-box","status":"publish","type":"product","link":"https:\/\/herbalr.com\/hu\/termek\/0-1813-mm-es-fel-huvelykes-akupunkturas-tuk-100-palca-doboz\/","title":{"rendered":"0.18*13mm (half inch) Acupuncture Needles [100 sticks\/box]"},"content":{"rendered":"<h4>Precizit\u00e1s \u00e9s k\u00e9nyelem<\/h4>\n<p>0,18*13 mm-es (f\u00e9l h\u00fcvelyk) akupunkt\u00far\u00e1s t\u0171ink apr\u00f3l\u00e9kosan megtervezve a pontoss\u00e1got \u00e9s a k\u00e9nyelmet biztos\u00edtj\u00e1k. Ezek a kiv\u00e1l\u00f3 min\u0151s\u00e9g\u0171 akupunkt\u00far\u00e1s t\u0171k pontos elhelyez\u00e9st biztos\u00edtanak, hat\u00e9kony kezel\u00e9st biztos\u00edtva k\u00fcl\u00f6nf\u00e9le \u00e1llapotok eset\u00e9n. A v\u00e9kony, f\u00e9l h\u00fcvelykes t\u0171k ide\u00e1lisak a finom \u00e9s prec\u00edz alkalmaz\u00e1sokhoz, \u00edgy a profik sz\u00e1m\u00e1ra a legjobb v\u00e1laszt\u00e1s.<\/p>\n<h4>Sokoldal\u00fas\u00e1g a kezel\u00e9sekben<\/h4>\n<p>F\u00fcggetlen\u00fcl att\u00f3l, hogy hagyom\u00e1nyos akupunkt\u00far\u00e1t, sz\u00e1raz t\u0171s akupunkt\u00far\u00e1t vagy sz\u00e1raz t\u0171sz\u00far\u00e1st v\u00e9gez, ezek a t\u0171k kiv\u00e9teles sokoldal\u00fas\u00e1got k\u00edn\u00e1lnak. Alkalmas k\u00fcl\u00f6nf\u00e9le akupunkt\u00far\u00e1s technik\u00e1khoz, bele\u00e9rtve a t\u0171h\u00f6z val\u00f3 akupunkt\u00far\u00e1t, az akupunkt\u00far\u00e1s t\u0171t a fejkezel\u00e9sekhez \u00e9s az akupunkt\u00far\u00e1s t\u0171sz\u00far\u00e1st testalkalmaz\u00e1sokhoz. Kezd\u0151knek \u00e9s gyakorlott gyakorl\u00f3knak egyar\u00e1nt t\u00f6k\u00e9letesek.<\/p>\n<h4>Kiv\u00e1l\u00f3 min\u0151s\u00e9g \u00e9s sterilit\u00e1s<\/h4>\n<p>A legmagasabb szabv\u00e1nyok szerint gy\u00e1rtott akupunkt\u00far\u00e1s t\u0171ink tart\u00f3s, kiv\u00e1l\u00f3 min\u0151s\u00e9g\u0171 rozsdamentes ac\u00e9lb\u00f3l k\u00e9sz\u00fclnek. A sterilit\u00e1s meg\u0151rz\u00e9se \u00e9s a biztons\u00e1gos \u00e9s higi\u00e9nikus haszn\u00e1lat \u00e9rdek\u00e9ben minden t\u0171t egyedi csomagol\u00e1sban tartanak. Ezek a steril akupunkt\u00far\u00e1s t\u0171k megfelelnek a szigor\u00fa min\u0151s\u00e9g-ellen\u0151rz\u00e9seknek, \u00edgy nyugalmat biztos\u00edtanak mind az orvosok, mind a betegek sz\u00e1m\u00e1ra.<\/p>\n<h4>Megb\u00edzhat\u00f3 szakemberek<\/h4>\n<p>Vezet\u0151 akupunkt\u00far\u00e1s t\u0171sz\u00e1ll\u00edt\u00f3k\u00e9nt olyan t\u0171ket k\u00edn\u00e1lunk, amelyekben a szakemberek vil\u00e1gszerte megb\u00edznak. Sz\u00e9les k\u00edn\u00e1latunkban megtal\u00e1lhat\u00f3ak k\u00ednai akupunkt\u00far\u00e1s t\u0171k, elad\u00f3 sz\u00e1raz t\u0171k, valamint akupunkt\u00far\u00e1s t\u0171k, k\u00fcl\u00f6nf\u00e9le kezel\u00e9si ig\u00e9nyek kiel\u00e9g\u00edt\u00e9s\u00e9re. Ezeket a t\u0171ket az akupunkt\u00far\u00e1s orvosok prefer\u00e1lj\u00e1k megb\u00edzhat\u00f3s\u00e1guk \u00e9s teljes\u00edtm\u00e9ny\u00fck miatt.<\/p>\n<h4>K\u00f6lts\u00e9ghat\u00e9kony \u00e9s k\u00e9nyelmes<\/h4>\n<p>Dobozonk\u00e9nt 100 p\u00e1lcik\u00e1val akupunkt\u00far\u00e1s t\u0171ink kiv\u00e1l\u00f3 \u00e1r-\u00e9rt\u00e9k ar\u00e1nyt k\u00edn\u00e1lnak. Ezek az elad\u00f3 akupunkt\u00far\u00e1s t\u0171k gazdas\u00e1gos megold\u00e1st ny\u00fajtanak a min\u0151s\u00e9g rov\u00e1s\u00e1ra. Az akupunkt\u00far\u00e1s t\u0171k t\u00f6meges v\u00e1s\u00e1rl\u00e1sa biztos\u00edtja, hogy mindig k\u00e9zn\u00e9l legyen a kell\u00e9ke, cs\u00f6kkentve a gyakori \u00fajrarendel\u00e9ssel j\u00e1r\u00f3 neh\u00e9zs\u00e9geket.<\/p>\n<h4>\u00c1tfog\u00f3 tartom\u00e1ny<\/h4>\n<p>A 0,18*13 mm-es t\u0171k\u00f6n k\u00edv\u00fcl az akupunkt\u00far\u00e1s t\u0171t\u00edpusok sz\u00e9les v\u00e1laszt\u00e9k\u00e1t k\u00edn\u00e1ljuk a k\u00fcl\u00f6nb\u00f6z\u0151 preferenci\u00e1knak \u00e9s technik\u00e1knak megfelel\u0151en. Fedezze fel k\u00ednai t\u0171k, t\u0171 n\u00e9lk\u00fcli akupunkt\u00far\u00e1s lehet\u0151s\u00e9gek \u00e9s eldobhat\u00f3 akupunkt\u00far\u00e1s t\u0171k k\u00edn\u00e1lat\u00e1t. Minden ig\u00e9nyt kiel\u00e9g\u00edt\u00fcnk, az \u0151si akupunkt\u00far\u00e1s t\u0171kt\u0151l a modern innov\u00e1ci\u00f3kig.<\/p>\n<h4>Egyszer\u0171 v\u00e1s\u00e1rl\u00e1s \u00e9s gyors sz\u00e1ll\u00edt\u00e1s<\/h4>\n<p>Az akupunkt\u00far\u00e1s t\u0171k v\u00e1s\u00e1rl\u00e1sa m\u00e9g soha nem volt ilyen egyszer\u0171. Felhaszn\u00e1l\u00f3bar\u00e1t weboldalunkon gyorsan \u00e9s biztons\u00e1gosan v\u00e1s\u00e1rolhat akupunkt\u00far\u00e1s t\u0171ket. Gyors sz\u00e1ll\u00edt\u00e1si lehet\u0151s\u00e9geket biztos\u00edtunk, \u00edgy biztos\u00edtjuk, hogy a t\u0171ket azonnal megkapja. B\u00edzzon akupunkt\u00far\u00e1s besz\u00e1ll\u00edt\u00f3inkban, hogy rendel\u0151j\u00e9t j\u00f3l felszerelt\u00e9k \u00e9s z\u00f6kken\u0151mentesen tudj\u00e1k tartani.<\/p>\n<h4>Versenyk\u00e9pes \u00e1rk\u00e9pz\u00e9s<\/h4>\n<p>Versenyk\u00e9pes akupunkt\u00far\u00e1s t\u0171ket k\u00edn\u00e1lunk min\u0151s\u00e9gi kompromisszumok n\u00e9lk\u00fcl. \u00c1tl\u00e1that\u00f3 \u00e1raz\u00e1si strukt\u00far\u00e1nk biztos\u00edtja, hogy a legjobb \u00e9rt\u00e9ket kapja befektet\u00e9s\u00e9\u00e9rt. Fedezze fel elad\u00f3 sz\u00e1razt\u0171ink, akupunkt\u00far\u00e1s \u00e9s sz\u00e1razt\u0171z\u0151 kell\u00e9keink, valamint egy\u00e9b alapvet\u0151 term\u00e9keink k\u00edn\u00e1lat\u00e1t verhetetlen \u00e1ron.<\/p>","protected":false},"excerpt":{"rendered":"<p>Kiv\u00e1l\u00f3 min\u0151s\u00e9g\u0171 akupunkt\u00far\u00e1s t\u0171ket keres? Fedezze fel 0,18*13 mm-es (f\u00e9l h\u00fcvelykes) akupunkt\u00far\u00e1s t\u0171inket, amelyek dobozonk\u00e9nt 100 p\u00e1lcik\u00e1t tartalmaz\u00f3 k\u00e9nyelmes csomagban kaphat\u00f3k. Ezeket az eldobhat\u00f3 akupunkt\u00far\u00e1s t\u0171ket a pontoss\u00e1gra \u00e9s megb\u00edzhat\u00f3s\u00e1gra tervezt\u00e9k, \u00edgy ide\u00e1lisak mind a hagyom\u00e1nyos k\u00ednai akupunkt\u00far\u00e1s, mind a sz\u00e1raz t\u0171sz\u00far\u00e1si technik\u00e1khoz. Vezet\u0151 akupunkt\u00far\u00e1s t\u0171sz\u00e1ll\u00edt\u00f3k\u00e9nt a legjobb akupunkt\u00far\u00e1s t\u0171ket k\u00edn\u00e1ljuk elad\u00e1sra, bele\u00e9rtve az elad\u00f3 sz\u00e1raz t\u0171ket \u00e9s a speci\u00e1lis sz\u00e1raz t\u0171s akupunkt\u00far\u00e1s eszk\u00f6z\u00f6ket. Steril akupunkt\u00far\u00e1s t\u0171ink biztos\u00edtj\u00e1k a biztons\u00e1got \u00e9s a hat\u00e9konys\u00e1got, alkalmasak k\u00fcl\u00f6nf\u00e9le t\u00edpus\u00fa akupunkt\u00far\u00e1s t\u0171kh\u00f6z, valamint akupunkt\u00far\u00e1s \u00e9s sz\u00e1raz t\u0171s alkalmaz\u00e1sokhoz. V\u00e1s\u00e1roljon akupunkt\u00far\u00e1s t\u0171ket megb\u00edzhat\u00f3 k\u00ednai t\u0171gy\u00e1rt\u00f3kt\u00f3l, akik ismertek \u0151si akupunkt\u00far\u00e1s t\u0171ikr\u0151l \u00e9s modern innov\u00e1ci\u00f3ikr\u00f3l. Legyen sz\u00f3 akupunkt\u00far\u00e1s t\u0171r\u0151l, k\u00ednai t\u0171v\u00e1g\u00f3 berendez\u00e9sr\u0151l vagy t\u0171 n\u00e9lk\u00fcli akupunkt\u00far\u00e1s alternat\u00edv\u00e1r\u00f3l, n\u00e1lunk megtal\u00e1lja. Fedezze fel versenyk\u00e9pes akupunkt\u00far\u00e1s t\u0171ink \u00e1r\u00e1t, \u00e9s v\u00e1s\u00e1roljon akupunkt\u00far\u00e1s t\u0171ket a piac legjobb akupunkt\u00far\u00e1s besz\u00e1ll\u00edt\u00f3it\u00f3l. Tapasztalja meg a k\u00ednai orvosl\u00e1s t\u0171technik\u00e1j\u00e1nak el\u0151nyeit pr\u00e9mium min\u0151s\u00e9g\u0171 aku t\u0171ink seg\u00edts\u00e9g\u00e9vel.<\/p>","protected":false},"featured_media":2943,"comment_status":"open","ping_status":"closed","template":"","meta":{"_uag_custom_page_level_css":"","site-sidebar-layout":"default","site-content-layout":"","ast-site-content-layout":"default","site-content-style":"default","site-sidebar-style":"default","ast-global-header-display":"","ast-banner-title-visibility":"","ast-main-header-display":"","ast-hfb-above-header-display":"","ast-hfb-below-header-display":"","ast-hfb-mobile-header-display":"","site-post-title":"","ast-breadcrumbs-content":"","ast-featured-img":"","footer-sml-layout":"","ast-disable-related-posts":"","theme-transparent-header-meta":"default","adv-header-id-meta":"","stick-header-meta":"","header-above-stick-meta":"","header-main-stick-meta":"","header-below-stick-meta":"","astra-migrate-meta-layouts":"set","ast-page-background-enabled":"default","ast-page-background-meta":{"desktop":{"background-color":"","background-image":"","background-repeat":"repeat","background-position":"center center","background-size":"auto","background-attachment":"scroll","background-type":"","background-media":"","overlay-type":"","overlay-color":"","overlay-opacity":"","overlay-gradient":""},"tablet":{"background-color":"","background-image":"","background-repeat":"repeat","background-position":"center center","background-size":"auto","background-attachment":"scroll","background-type":"","background-media":"","overlay-type":"","overlay-color":"","overlay-opacity":"","overlay-gradient":""},"mobile":{"background-color":"","background-image":"","background-repeat":"repeat","background-position":"center center","background-size":"auto","background-attachment":"scroll","background-type":"","background-media":"","overlay-type":"","overlay-color":"","overlay-opacity":"","overlay-gradient":""}},"ast-content-background-meta":{"desktop":{"background-color":"var(--ast-global-color-5)","background-image":"","background-repeat":"repeat","background-position":"center center","background-size":"auto","background-attachment":"scroll","background-type":"","background-media":"","overlay-type":"","overlay-color":"","overlay-opacity":"","overlay-gradient":""},"tablet":{"background-color":"var(--ast-global-color-5)","background-image":"","background-repeat":"repeat","background-position":"center center","background-size":"auto","background-attachment":"scroll","background-type":"","background-media":"","overlay-type":"","overlay-color":"","overlay-opacity":"","overlay-gradient":""},"mobile":{"background-color":"var(--ast-global-color-5)","background-image":"","background-repeat":"repeat","background-position":"center center","background-size":"auto","background-attachment":"scroll","background-type":"","background-media":"","overlay-type":"","overlay-color":"","overlay-opacity":"","overlay-gradient":""}}},"product_brand":[],"product_cat":[32],"product_tag":[],"class_list":{"0":"post-2691","1":"product","2":"type-product","3":"status-publish","4":"has-post-thumbnail","6":"product_cat-acupuncture-needles","7":"desktop-align-left","8":"tablet-align-left","9":"mobile-align-left","11":"first","12":"instock","13":"sale","14":"featured","15":"shipping-taxable","16":"purchasable","17":"product-type-variable","18":"has-default-attributes"},"yoast_head":"<!-- This site is optimized with the Yoast SEO plugin v27.1.1 - https:\/\/yoast.com\/product\/yoast-seo-wordpress\/ -->\n<title>Premium 0.18*13mm Acupuncture Needles [100\/Box] - For Sale<\/title>\n<meta name=\"description\" content=\"Buy high-quality 0.18*13mm acupuncture needles for dry needling and traditional Chinese acupuncture. Available in a pack of 100 sticks per box.\" \/>\n<meta name=\"robots\" content=\"index, follow, max-snippet:-1, max-image-preview:large, max-video-preview:-1\" \/>\n<link rel=\"canonical\" href=\"https:\/\/herbalr.com\/hu\/termek\/0-1813-mm-es-fel-huvelykes-akupunkturas-tuk-100-palca-doboz\/\" \/>\n<meta property=\"og:locale\" content=\"hu_HU\" \/>\n<meta property=\"og:type\" content=\"article\" \/>\n<meta property=\"og:title\" content=\"Premium 0.18*13mm Acupuncture Needles [100\/Box] - For Sale\" \/>\n<meta property=\"og:description\" content=\"Buy high-quality 0.18*13mm acupuncture needles for dry needling and traditional Chinese acupuncture. Available in a pack of 100 sticks per box.\" \/>\n<meta property=\"og:url\" content=\"https:\/\/herbalr.com\/hu\/termek\/0-1813-mm-es-fel-huvelykes-akupunkturas-tuk-100-palca-doboz\/\" \/>\n<meta property=\"article:modified_time\" content=\"2025-04-12T10:07:43+00:00\" \/>\n<meta name=\"twitter:card\" content=\"summary_large_image\" \/>\n<meta name=\"twitter:label1\" content=\"Becs\u00fclt olvas\u00e1si id\u0151\" \/>\n\t<meta name=\"twitter:data1\" content=\"3 perc\" \/>\n<script type=\"application\/ld+json\" class=\"yoast-schema-graph\">{\"@context\":\"https:\/\/schema.org\",\"@graph\":[{\"@type\":\"WebPage\",\"@id\":\"https:\/\/herbalr.com\/product\/0-1813mm-half-inch-acupuncture-needles-100-sticks-box\/\",\"url\":\"https:\/\/herbalr.com\/product\/0-1813mm-half-inch-acupuncture-needles-100-sticks-box\/\",\"name\":\"Premium 0.18*13mm Acupuncture Needles [100\/Box] - For Sale\",\"isPartOf\":{\"@id\":\"https:\/\/herbalr.com\/#website\"},\"primaryImageOfPage\":{\"@id\":\"https:\/\/herbalr.com\/product\/0-1813mm-half-inch-acupuncture-needles-100-sticks-box\/#primaryimage\"},\"image\":{\"@id\":\"https:\/\/herbalr.com\/product\/0-1813mm-half-inch-acupuncture-needles-100-sticks-box\/#primaryimage\"},\"thumbnailUrl\":\"https:\/\/herbalr.com\/wp-content\/uploads\/2024\/08\/H03b9ce8e746946e0b8e63d51589953c98.avif\",\"datePublished\":\"2024-08-02T08:19:55+00:00\",\"dateModified\":\"2025-04-12T10:07:43+00:00\",\"description\":\"Buy high-quality 0.18*13mm acupuncture needles for dry needling and traditional Chinese acupuncture. Available in a pack of 100 sticks per box.\",\"breadcrumb\":{\"@id\":\"https:\/\/herbalr.com\/product\/0-1813mm-half-inch-acupuncture-needles-100-sticks-box\/#breadcrumb\"},\"inLanguage\":\"hu\",\"potentialAction\":[{\"@type\":\"ReadAction\",\"target\":[\"https:\/\/herbalr.com\/product\/0-1813mm-half-inch-acupuncture-needles-100-sticks-box\/\"]}]},{\"@type\":\"ImageObject\",\"inLanguage\":\"hu\",\"@id\":\"https:\/\/herbalr.com\/product\/0-1813mm-half-inch-acupuncture-needles-100-sticks-box\/#primaryimage\",\"url\":\"https:\/\/herbalr.com\/wp-content\/uploads\/2024\/08\/H03b9ce8e746946e0b8e63d51589953c98.avif\",\"contentUrl\":\"https:\/\/herbalr.com\/wp-content\/uploads\/2024\/08\/H03b9ce8e746946e0b8e63d51589953c98.avif\",\"width\":800,\"height\":800},{\"@type\":\"BreadcrumbList\",\"@id\":\"https:\/\/herbalr.com\/product\/0-1813mm-half-inch-acupuncture-needles-100-sticks-box\/#breadcrumb\",\"itemListElement\":[{\"@type\":\"ListItem\",\"position\":1,\"name\":\"\u9996\u9875\",\"item\":\"https:\/\/herbalr.com\/\"},{\"@type\":\"ListItem\",\"position\":2,\"name\":\"\u4ea7\u54c1\",\"item\":\"https:\/\/herbalr.com\/shop\/\"},{\"@type\":\"ListItem\",\"position\":3,\"name\":\"0.18*13mm (half inch) Acupuncture Needles [100 sticks\/box]\"}]},{\"@type\":\"WebSite\",\"@id\":\"https:\/\/herbalr.com\/#website\",\"url\":\"https:\/\/herbalr.com\/\",\"name\":\"\",\"description\":\"\",\"potentialAction\":[{\"@type\":\"SearchAction\",\"target\":{\"@type\":\"EntryPoint\",\"urlTemplate\":\"https:\/\/herbalr.com\/?s={search_term_string}\"},\"query-input\":{\"@type\":\"PropertyValueSpecification\",\"valueRequired\":true,\"valueName\":\"search_term_string\"}}],\"inLanguage\":\"hu\"}]}<\/script>\n<!-- \/ Yoast SEO plugin. -->","yoast_head_json":{"title":"Premium 0.18*13mm Acupuncture Needles [100\/Box] - For Sale","description":"V\u00e1s\u00e1roljon kiv\u00e1l\u00f3 min\u0151s\u00e9g\u0171 0,18*13 mm-es akupunkt\u00far\u00e1s t\u0171ket sz\u00e1raz t\u0171sz\u00far\u00e1shoz \u00e9s hagyom\u00e1nyos k\u00ednai akupunkt\u00far\u00e1hoz. Dobozonk\u00e9nt 100 p\u00e1lcik\u00e1t tartalmaz\u00f3 kiszerel\u00e9sben kaphat\u00f3.","robots":{"index":"index","follow":"follow","max-snippet":"max-snippet:-1","max-image-preview":"max-image-preview:large","max-video-preview":"max-video-preview:-1"},"canonical":"https:\/\/herbalr.com\/hu\/termek\/0-1813-mm-es-fel-huvelykes-akupunkturas-tuk-100-palca-doboz\/","og_locale":"hu_HU","og_type":"article","og_title":"Premium 0.18*13mm Acupuncture Needles [100\/Box] - For Sale","og_description":"Buy high-quality 0.18*13mm acupuncture needles for dry needling and traditional Chinese acupuncture. Available in a pack of 100 sticks per box.","og_url":"https:\/\/herbalr.com\/hu\/termek\/0-1813-mm-es-fel-huvelykes-akupunkturas-tuk-100-palca-doboz\/","article_modified_time":"2025-04-12T10:07:43+00:00","twitter_card":"summary_large_image","twitter_misc":{"Becs\u00fclt olvas\u00e1si id\u0151":"3 perc"},"schema":{"@context":"https:\/\/schema.org","@graph":[{"@type":"WebPage","@id":"https:\/\/herbalr.com\/product\/0-1813mm-half-inch-acupuncture-needles-100-sticks-box\/","url":"https:\/\/herbalr.com\/product\/0-1813mm-half-inch-acupuncture-needles-100-sticks-box\/","name":"Premium 0.18*13mm Acupuncture Needles [100\/Box] - For Sale","isPartOf":{"@id":"https:\/\/herbalr.com\/#website"},"primaryImageOfPage":{"@id":"https:\/\/herbalr.com\/product\/0-1813mm-half-inch-acupuncture-needles-100-sticks-box\/#primaryimage"},"image":{"@id":"https:\/\/herbalr.com\/product\/0-1813mm-half-inch-acupuncture-needles-100-sticks-box\/#primaryimage"},"thumbnailUrl":"https:\/\/herbalr.com\/wp-content\/uploads\/2024\/08\/H03b9ce8e746946e0b8e63d51589953c98.avif","datePublished":"2024-08-02T08:19:55+00:00","dateModified":"2025-04-12T10:07:43+00:00","description":"V\u00e1s\u00e1roljon kiv\u00e1l\u00f3 min\u0151s\u00e9g\u0171 0,18*13 mm-es akupunkt\u00far\u00e1s t\u0171ket sz\u00e1raz t\u0171sz\u00far\u00e1shoz \u00e9s hagyom\u00e1nyos k\u00ednai akupunkt\u00far\u00e1hoz. Dobozonk\u00e9nt 100 p\u00e1lcik\u00e1t tartalmaz\u00f3 kiszerel\u00e9sben kaphat\u00f3.","breadcrumb":{"@id":"https:\/\/herbalr.com\/product\/0-1813mm-half-inch-acupuncture-needles-100-sticks-box\/#breadcrumb"},"inLanguage":"hu","potentialAction":[{"@type":"ReadAction","target":["https:\/\/herbalr.com\/product\/0-1813mm-half-inch-acupuncture-needles-100-sticks-box\/"]}]},{"@type":"ImageObject","inLanguage":"hu","@id":"https:\/\/herbalr.com\/product\/0-1813mm-half-inch-acupuncture-needles-100-sticks-box\/#primaryimage","url":"https:\/\/herbalr.com\/wp-content\/uploads\/2024\/08\/H03b9ce8e746946e0b8e63d51589953c98.avif","contentUrl":"https:\/\/herbalr.com\/wp-content\/uploads\/2024\/08\/H03b9ce8e746946e0b8e63d51589953c98.avif","width":800,"height":800},{"@type":"BreadcrumbList","@id":"https:\/\/herbalr.com\/product\/0-1813mm-half-inch-acupuncture-needles-100-sticks-box\/#breadcrumb","itemListElement":[{"@type":"ListItem","position":1,"name":"\u9996\u9875","item":"https:\/\/herbalr.com\/"},{"@type":"ListItem","position":2,"name":"\u4ea7\u54c1","item":"https:\/\/herbalr.com\/shop\/"},{"@type":"ListItem","position":3,"name":"0.18*13mm (half inch) Acupuncture Needles [100 sticks\/box]"}]},{"@type":"WebSite","@id":"https:\/\/herbalr.com\/#website","url":"https:\/\/herbalr.com\/","name":"","description":"","potentialAction":[{"@type":"SearchAction","target":{"@type":"EntryPoint","urlTemplate":"https:\/\/herbalr.com\/?s={search_term_string}"},"query-input":{"@type":"PropertyValueSpecification","valueRequired":true,"valueName":"search_term_string"}}],"inLanguage":"hu"}]}},"uagb_featured_image_src":{"full":["https:\/\/herbalr.com\/wp-content\/uploads\/2024\/08\/H03b9ce8e746946e0b8e63d51589953c98.avif",800,800,false],"thumbnail":["https:\/\/herbalr.com\/wp-content\/uploads\/2024\/08\/H03b9ce8e746946e0b8e63d51589953c98-150x150.avif",150,150,true],"medium":["https:\/\/herbalr.com\/wp-content\/uploads\/2024\/08\/H03b9ce8e746946e0b8e63d51589953c98-300x300.avif",300,300,true],"medium_large":["https:\/\/herbalr.com\/wp-content\/uploads\/2024\/08\/H03b9ce8e746946e0b8e63d51589953c98-768x768.avif",768,768,true],"large":["https:\/\/herbalr.com\/wp-content\/uploads\/2024\/08\/H03b9ce8e746946e0b8e63d51589953c98.avif",800,800,false],"1536x1536":["https:\/\/herbalr.com\/wp-content\/uploads\/2024\/08\/H03b9ce8e746946e0b8e63d51589953c98.avif",800,800,false],"2048x2048":["https:\/\/herbalr.com\/wp-content\/uploads\/2024\/08\/H03b9ce8e746946e0b8e63d51589953c98.avif",800,800,false],"trp-custom-language-flag":["https:\/\/herbalr.com\/wp-content\/uploads\/2024\/08\/H03b9ce8e746946e0b8e63d51589953c98-12x12.avif",12,12,true],"woocommerce_thumbnail":["https:\/\/herbalr.com\/wp-content\/uploads\/2024\/08\/H03b9ce8e746946e0b8e63d51589953c98-300x300.avif",300,300,true],"woocommerce_single":["https:\/\/herbalr.com\/wp-content\/uploads\/2024\/08\/H03b9ce8e746946e0b8e63d51589953c98-600x600.avif",600,600,true],"woocommerce_gallery_thumbnail":["https:\/\/herbalr.com\/wp-content\/uploads\/2024\/08\/H03b9ce8e746946e0b8e63d51589953c98-100x100.avif",100,100,true]},"uagb_author_info":{"display_name":"tianke1223@gmail.com","author_link":"https:\/\/herbalr.com\/hu\/author\/"},"uagb_comment_info":0,"uagb_excerpt":"Looking for high-quality acupuncture needles? Discover our 0.18*13mm (half inch) acupuncture needles, available in a convenient pack of 100 sticks per box. These disposable acupuncture needles are designed for precision and reliability, making them ideal for both traditional Chinese acupuncture and dry needling techniques. As leading acupuncture needle suppliers, we offer the best acupuncture needles&hellip;","jetpack_sharing_enabled":true,"_links":{"self":[{"href":"https:\/\/herbalr.com\/hu\/wp-json\/wp\/v2\/product\/2691","targetHints":{"allow":["GET"]}}],"collection":[{"href":"https:\/\/herbalr.com\/hu\/wp-json\/wp\/v2\/product"}],"about":[{"href":"https:\/\/herbalr.com\/hu\/wp-json\/wp\/v2\/types\/product"}],"replies":[{"embeddable":true,"href":"https:\/\/herbalr.com\/hu\/wp-json\/wp\/v2\/comments?post=2691"}],"wp:featuredmedia":[{"embeddable":true,"href":"https:\/\/herbalr.com\/hu\/wp-json\/wp\/v2\/media\/2943"}],"wp:attachment":[{"href":"https:\/\/herbalr.com\/hu\/wp-json\/wp\/v2\/media?parent=2691"}],"wp:term":[{"taxonomy":"product_brand","embeddable":true,"href":"https:\/\/herbalr.com\/hu\/wp-json\/wp\/v2\/product_brand?post=2691"},{"taxonomy":"product_cat","embeddable":true,"href":"https:\/\/herbalr.com\/hu\/wp-json\/wp\/v2\/product_cat?post=2691"},{"taxonomy":"product_tag","embeddable":true,"href":"https:\/\/herbalr.com\/hu\/wp-json\/wp\/v2\/product_tag?post=2691"}],"curies":[{"name":"wp","href":"https:\/\/api.w.org\/{rel}","templated":true}]}}